{"id":17500,"date":"2025-10-24T09:43:29","date_gmt":"2025-10-24T07:43:29","guid":{"rendered":"https:\/\/mateos.legal\/contact\/"},"modified":"2025-10-24T09:58:04","modified_gmt":"2025-10-24T07:58:04","slug":"contact","status":"publish","type":"page","link":"https:\/\/mateos.legal\/fr\/contact\/","title":{"rendered":"Contact"},"content":{"rendered":"\t\t<div data-elementor-type=\"wp-page\" data-elementor-id=\"17500\" class=\"elementor elementor-17500 elementor-17490\" data-elementor-post-type=\"page\">\n\t\t\t\t<div class=\"elementor-element elementor-element-a96ba9b e-con-full e-flex e-con e-parent\" data-id=\"a96ba9b\" data-element_type=\"container\" data-e-type=\"container\" data-settings=\"{&quot;jet_parallax_layout_list&quot;:[]}\">\n\t\t<div class=\"elementor-element elementor-element-44a5713 e-con-full e-flex e-con e-child\" data-id=\"44a5713\" data-element_type=\"container\" data-e-type=\"container\" data-settings=\"{&quot;jet_parallax_layout_list&quot;:[]}\">\n\t\t\t\t<div class=\"elementor-element elementor-element-e140451 elementor-widget elementor-widget-google_maps\" data-id=\"e140451\" data-element_type=\"widget\" data-e-type=\"widget\" data-widget_type=\"google_maps.default\">\n\t\t\t\t<div class=\"elementor-widget-container\">\n\t\t\t\t\t\t\t<div class=\"elementor-custom-embed\">\n\t\t\t<iframe loading=\"lazy\"\n\t\t\t\t\tsrc=\"https:\/\/www.google.com\/maps\/embed\/v1\/place?key=AIzaSyDgpHqlb4DcbeDVhoHrGZqiEcvh44cXi-8&#038;q=Gran%20Via%20de%20les%20Corts%20Catalanes%2C%20645%2C%2008010%20Barcelona&#038;zoom=16\"\n\t\t\t\t\ttitle=\"Gran Via de les Corts Catalanes, 645, 08010 Barcelona\"\n\t\t\t\t\taria-label=\"Gran Via de les Corts Catalanes, 645, 08010 Barcelona\"\n\t\t\t><\/iframe>\n\t\t<\/div>\n\t\t\t\t\t\t<\/div>\n\t\t\t\t<\/div>\n\t\t\t\t<\/div>\n\t\t<div class=\"elementor-element elementor-element-490a32b e-con-full e-flex e-con e-child\" data-id=\"490a32b\" data-element_type=\"container\" data-e-type=\"container\" data-settings=\"{&quot;jet_parallax_layout_list&quot;:[]}\">\n\t\t\t\t<div class=\"elementor-element elementor-element-86a67d3 elementor-widget__width-inherit elementor-widget elementor-widget-heading\" data-id=\"86a67d3\" data-element_type=\"widget\" data-e-type=\"widget\" data-widget_type=\"heading.default\">\n\t\t\t\t<div class=\"elementor-widget-container\">\n\t\t\t\t\t<h2 class=\"elementor-heading-title elementor-size-default\">CONTACT<\/h2>\t\t\t\t<\/div>\n\t\t\t\t<\/div>\n\t\t\t\t<div class=\"elementor-element elementor-element-3f4e71e elementor-widget elementor-widget-text-editor\" data-id=\"3f4e71e\" data-element_type=\"widget\" data-e-type=\"widget\" data-widget_type=\"text-editor.default\">\n\t\t\t\t<div class=\"elementor-widget-container\">\n\t\t\t\t\t\t\t\t\t<p>Dans notre cabinet, vous trouverez des professionnels hautement qualifi\u00e9s et tr\u00e8s impliqu\u00e9s dans leur travail. Nous nous distinguons par notre motivation et notre implication dans tous les projets que nous entreprenons. Nous nous efforcerons de vous apporter des solutions fiables, innovantes et, avant tout, efficaces.<\/p>\n<p>Nous sommes conscients que les entreprises repr\u00e9sentent des projets dirig\u00e9s et r\u00e9alis\u00e9s par des personnes, et c\u2019est pr\u00e9cis\u00e9ment cette dimension humaine qui nous distingue en tant qu\u2019entreprise. Nous travaillons main dans la main pour \u00eatre votre partenaire strat\u00e9gique.<\/p>\n\t\t\t\t\t\t\t\t<\/div>\n\t\t\t\t<\/div>\n\t\t\t\t<div class=\"elementor-element elementor-element-d7bd47a elementor-widget elementor-widget-heading\" data-id=\"d7bd47a\" data-element_type=\"widget\" data-e-type=\"widget\" data-widget_type=\"heading.default\">\n\t\t\t\t<div class=\"elementor-widget-container\">\n\t\t\t\t\t<h3 class=\"elementor-heading-title elementor-size-default\">NOS BUREAUX<\/h3>\t\t\t\t<\/div>\n\t\t\t\t<\/div>\n\t\t\t\t<div class=\"elementor-element elementor-element-9ff33d2 elementor-widget elementor-widget-text-editor\" data-id=\"9ff33d2\" data-element_type=\"widget\" data-e-type=\"widget\" data-widget_type=\"text-editor.default\">\n\t\t\t\t<div class=\"elementor-widget-container\">\n\t\t\t\t\t\t\t\t\t<p>Gran Via de les Corts Catalanes, 645 1\u00ba<br \/>08010 \u2013 Barcelona<br \/>T. +34 934 760 050<\/p>\n<p><a href=\"mailto:info@mateos.legal\">info@mateos.legal<\/a><\/p>\n\t\t\t\t\t\t\t\t<\/div>\n\t\t\t\t<\/div>\n\t\t\t\t<\/div>\n\t\t\t\t<\/div>\n\t\t<div class=\"elementor-element elementor-element-d5236de e-con-full e-flex e-con e-parent\" data-id=\"d5236de\" data-element_type=\"container\" data-e-type=\"container\" data-settings=\"{&quot;jet_parallax_layout_list&quot;:[],&quot;background_background&quot;:&quot;classic&quot;}\">\n\t\t<div class=\"elementor-element elementor-element-f7475e0 e-con-full e-flex e-con e-child\" data-id=\"f7475e0\" data-element_type=\"container\" data-e-type=\"container\" data-settings=\"{&quot;jet_parallax_layout_list&quot;:[]}\">\n\t\t\t\t<div class=\"elementor-element elementor-element-0a1e724 elementor-widget elementor-widget-heading\" data-id=\"0a1e724\" data-element_type=\"widget\" data-e-type=\"widget\" data-widget_type=\"heading.default\">\n\t\t\t\t<div class=\"elementor-widget-container\">\n\t\t\t\t\t<h3 class=\"elementor-heading-title elementor-size-default\">Besoin de conseils ou vous avez des questions ?<br \/><br \/> Nous mettrons tout en \u0153uvre pour vous proposer des solutions fiables, innovantes et, surtout, efficaces.<\/h3>\t\t\t\t<\/div>\n\t\t\t\t<\/div>\n\t\t\t\t<\/div>\n\t\t<div class=\"elementor-element elementor-element-5d3ba2c e-con-full e-flex e-con e-child\" data-id=\"5d3ba2c\" data-element_type=\"container\" data-e-type=\"container\" data-settings=\"{&quot;jet_parallax_layout_list&quot;:[]}\">\n\t\t\t\t<div class=\"elementor-element elementor-element-21a1dc8 elementor-button-align-stretch elementor-widget elementor-widget-form\" data-id=\"21a1dc8\" data-element_type=\"widget\" data-e-type=\"widget\" id=\"formulario\" data-settings=\"{&quot;button_width&quot;:&quot;33&quot;,&quot;step_next_label&quot;:&quot;Siguiente&quot;,&quot;step_previous_label&quot;:&quot;Anterior&quot;,&quot;step_type&quot;:&quot;number_text&quot;,&quot;step_icon_shape&quot;:&quot;circle&quot;}\" data-widget_type=\"form.default\">\n\t\t\t\t<div class=\"elementor-widget-container\">\n\t\t\t\t\t\t\t<form class=\"elementor-form\" method=\"post\" name=\"formulario de contacto\" aria-label=\"formulario de contacto\">\n\t\t\t<input type=\"hidden\" name=\"post_id\" value=\"17500\"\/>\n\t\t\t<input type=\"hidden\" name=\"form_id\" value=\"21a1dc8\"\/>\n\t\t\t<input type=\"hidden\" name=\"referer_title\" value=\"\" \/>\n\n\t\t\t\n\t\t\t<div class=\"elementor-form-fields-wrapper elementor-labels-\">\n\t\t\t\t\t\t\t\t<div class=\"elementor-field-type-text elementor-field-group elementor-column elementor-field-group-name elementor-col-100 elementor-field-required\">\n\t\t\t\t\t\t\t\t\t\t\t\t<label for=\"form-field-name\" class=\"elementor-field-label elementor-screen-only\">\n\t\t\t\t\t\t\t\tNom\t\t\t\t\t\t\t<\/label>\n\t\t\t\t\t\t\t\t\t\t\t\t\t\t<input size=\"1\" type=\"text\" name=\"form_fields[name]\" id=\"form-field-name\" class=\"elementor-field elementor-size-md  elementor-field-textual\" placeholder=\"Nom*\" required=\"required\">\n\t\t\t\t\t\t\t\t\t\t\t<\/div>\n\t\t\t\t\t\t\t\t<div class=\"elementor-field-type-text elementor-field-group elementor-column elementor-field-group-field_580db9a elementor-col-100 elementor-field-required\">\n\t\t\t\t\t\t\t\t\t\t\t\t<label for=\"form-field-field_580db9a\" class=\"elementor-field-label elementor-screen-only\">\n\t\t\t\t\t\t\t\tNoms de famille\t\t\t\t\t\t\t<\/label>\n\t\t\t\t\t\t\t\t\t\t\t\t\t\t<input size=\"1\" type=\"text\" name=\"form_fields[field_580db9a]\" id=\"form-field-field_580db9a\" class=\"elementor-field elementor-size-md  elementor-field-textual\" placeholder=\"Noms de famille*\" required=\"required\">\n\t\t\t\t\t\t\t\t\t\t\t<\/div>\n\t\t\t\t\t\t\t\t<div class=\"elementor-field-type-email elementor-field-group elementor-column elementor-field-group-email elementor-col-100 elementor-field-required\">\n\t\t\t\t\t\t\t\t\t\t\t\t<label for=\"form-field-email\" class=\"elementor-field-label elementor-screen-only\">\n\t\t\t\t\t\t\t\tE-mail\t\t\t\t\t\t\t<\/label>\n\t\t\t\t\t\t\t\t\t\t\t\t\t\t<input size=\"1\" type=\"email\" name=\"form_fields[email]\" id=\"form-field-email\" class=\"elementor-field elementor-size-md  elementor-field-textual\" placeholder=\"E-mail*\" required=\"required\">\n\t\t\t\t\t\t\t\t\t\t\t<\/div>\n\t\t\t\t\t\t\t\t<div class=\"elementor-field-type-text elementor-field-group elementor-column elementor-field-group-field_0c0edad elementor-col-100\">\n\t\t\t\t\t\t\t\t\t\t\t\t<label for=\"form-field-field_0c0edad\" class=\"elementor-field-label elementor-screen-only\">\n\t\t\t\t\t\t\t\tEnterprise\t\t\t\t\t\t\t<\/label>\n\t\t\t\t\t\t\t\t\t\t\t\t\t\t<input size=\"1\" type=\"text\" name=\"form_fields[field_0c0edad]\" id=\"form-field-field_0c0edad\" class=\"elementor-field elementor-size-md  elementor-field-textual\" placeholder=\"Enterprise\">\n\t\t\t\t\t\t\t\t\t\t\t<\/div>\n\t\t\t\t\t\t\t\t<div class=\"elementor-field-type-text elementor-field-group elementor-column elementor-field-group-field_3879f52 elementor-col-100\">\n\t\t\t\t\t\t\t\t\t\t\t\t<label for=\"form-field-field_3879f52\" class=\"elementor-field-label elementor-screen-only\">\n\t\t\t\t\t\t\t\tPosition dans l'enterprise\t\t\t\t\t\t\t<\/label>\n\t\t\t\t\t\t\t\t\t\t\t\t\t\t<input size=\"1\" type=\"text\" name=\"form_fields[field_3879f52]\" id=\"form-field-field_3879f52\" class=\"elementor-field elementor-size-md  elementor-field-textual\" placeholder=\"Position dans l&#039;enterprise\">\n\t\t\t\t\t\t\t\t\t\t\t<\/div>\n\t\t\t\t\t\t\t\t<div class=\"elementor-field-type-textarea elementor-field-group elementor-column elementor-field-group-message elementor-col-100 elementor-field-required\">\n\t\t\t\t\t\t\t\t\t\t\t\t<label for=\"form-field-message\" class=\"elementor-field-label elementor-screen-only\">\n\t\t\t\t\t\t\t\tMessage\t\t\t\t\t\t\t<\/label>\n\t\t\t\t\t\t<textarea class=\"elementor-field-textual elementor-field  elementor-size-md\" name=\"form_fields[message]\" id=\"form-field-message\" rows=\"5\" placeholder=\"Message*\" required=\"required\"><\/textarea>\t\t\t\t<\/div>\n\t\t\t\t\t\t\t\t<div class=\"elementor-field-type-acceptance elementor-field-group elementor-column elementor-field-group-field_90910c4 elementor-col-100\">\n\t\t\t\t\t\t\t\t\t\t\t\t<label for=\"form-field-field_90910c4\" class=\"elementor-field-label elementor-screen-only\">\n\t\t\t\t\t\t\t\tpol\u00edtica de privacidad\t\t\t\t\t\t\t<\/label>\n\t\t\t\t\t\t\t\t<div class=\"elementor-field-subgroup\">\n\t\t\t<span class=\"elementor-field-option\">\n\t\t\t\t<input type=\"checkbox\" name=\"form_fields[field_90910c4]\" id=\"form-field-field_90910c4\" class=\"elementor-field elementor-size-md  elementor-acceptance-field\">\n\t\t\t\t<label for=\"form-field-field_90910c4\">En soumettant le formulaire, vous acceptez notre <a href=\"https:\/\/mateos.legal\/fr\/politique-de-confidentialite\/\" target=\"_blank\">Politique de Confidentialit\u00e9<\/a>. Responsable du traitement : MATEOS LEGAL S.L.P. Finalit\u00e9 : r\u00e9pondre \u00e0 votre demande. Droits : acc\u00e8s, rectification et autres \u00e0 rgpd@mateos.legal.<\/label>\t\t\t<\/span>\n\t\t<\/div>\n\t\t\t\t\t\t<\/div>\n\t\t\t\t\t\t\t\t<div class=\"elementor-field-group elementor-column elementor-field-type-submit elementor-col-33 e-form__buttons\">\n\t\t\t\t\t<button class=\"elementor-button elementor-size-sm\" type=\"submit\">\n\t\t\t\t\t\t<span class=\"elementor-button-content-wrapper\">\n\t\t\t\t\t\t\t\t\t\t\t\t\t\t\t<span class=\"elementor-button-icon\">\n\t\t\t\t\t\t\t\t\t<i aria-hidden=\"true\" class=\"far fa-envelope\"><\/i>\t\t\t\t\t\t\t\t\t\t\t\t\t\t\t\t\t<\/span>\n\t\t\t\t\t\t\t\t\t\t\t\t\t\t\t\t\t\t\t\t\t\t<span class=\"elementor-button-text\">Envoyer<\/span>\n\t\t\t\t\t\t\t\t\t\t\t\t\t<\/span>\n\t\t\t\t\t<\/button>\n\t\t\t\t<\/div>\n\t\t\t<\/div>\n\t\t<\/form>\n\t\t\t\t\t\t<\/div>\n\t\t\t\t<\/div>\n\t\t\t\t<\/div>\n\t\t\t\t<\/div>\n\t\t\t\t<\/div>\n\t\t","protected":false},"excerpt":{"rendered":"<p>CONTACT Dans notre cabinet, vous trouverez des professionnels hautement qualifi\u00e9s et tr\u00e8s impliqu\u00e9s dans leur travail. Nous nous distinguons par notre motivation et notre implication dans tous les projets que nous entreprenons. Nous nous efforcerons de vous apporter des solutions fiables, innovantes et, avant tout, efficaces. Nous sommes conscients que les entreprises repr\u00e9sentent des projets [&hellip;]<\/p>\n","protected":false},"author":14,"featured_media":0,"parent":0,"menu_order":0,"comment_status":"closed","ping_status":"closed","template":"elementor_header_footer","meta":{"_jet_sm_ready_style":"","_jet_sm_style":"","_jet_sm_controls_values":"","_jet_sm_fonts_collection":"","_jet_sm_fonts_links":"","footnotes":""},"class_list":["post-17500","page","type-page","status-publish","hentry"],"_links":{"self":[{"href":"https:\/\/mateos.legal\/fr\/wp-json\/wp\/v2\/pages\/17500","targetHints":{"allow":["GET"]}}],"collection":[{"href":"https:\/\/mateos.legal\/fr\/wp-json\/wp\/v2\/pages"}],"about":[{"href":"https:\/\/mateos.legal\/fr\/wp-json\/wp\/v2\/types\/page"}],"author":[{"embeddable":true,"href":"https:\/\/mateos.legal\/fr\/wp-json\/wp\/v2\/users\/14"}],"replies":[{"embeddable":true,"href":"https:\/\/mateos.legal\/fr\/wp-json\/wp\/v2\/comments?post=17500"}],"version-history":[{"count":1,"href":"https:\/\/mateos.legal\/fr\/wp-json\/wp\/v2\/pages\/17500\/revisions"}],"predecessor-version":[{"id":17501,"href":"https:\/\/mateos.legal\/fr\/wp-json\/wp\/v2\/pages\/17500\/revisions\/17501"}],"wp:attachment":[{"href":"https:\/\/mateos.legal\/fr\/wp-json\/wp\/v2\/media?parent=17500"}],"curies":[{"name":"wp","href":"https:\/\/api.w.org\/{rel}","templated":true}]}}