{"id":11494,"date":"2023-09-04T14:38:37","date_gmt":"2023-09-04T12:38:37","guid":{"rendered":"http:\/\/mateos.legal\/aviso-legal\/"},"modified":"2025-10-08T12:15:50","modified_gmt":"2025-10-08T10:15:50","slug":"mentions-legales","status":"publish","type":"page","link":"https:\/\/mateos.legal\/fr\/mentions-legales\/","title":{"rendered":"MENTIONS L\u00c9GALES"},"content":{"rendered":"\t\t<div data-elementor-type=\"wp-page\" data-elementor-id=\"11494\" class=\"elementor elementor-11494 elementor-9665\" data-elementor-post-type=\"page\">\n\t\t\t\t<div class=\"elementor-element elementor-element-2554df8 e-flex e-con-boxed e-con e-parent\" data-id=\"2554df8\" data-element_type=\"container\" data-e-type=\"container\" data-settings=\"{&quot;jet_parallax_layout_list&quot;:[]}\">\n\t\t\t\t\t<div class=\"e-con-inner\">\n\t\t\t\t<div class=\"elementor-element elementor-element-ab37556 elementor-widget elementor-widget-heading\" data-id=\"ab37556\" data-element_type=\"widget\" data-e-type=\"widget\" data-widget_type=\"heading.default\">\n\t\t\t\t<div class=\"elementor-widget-container\">\n\t\t\t\t\t<h2 class=\"elementor-heading-title elementor-size-default\">Aviso legal<\/h2>\t\t\t\t<\/div>\n\t\t\t\t<\/div>\n\t\t\t\t<div class=\"elementor-element elementor-element-45d6c56 elementor-widget elementor-widget-text-editor\" data-id=\"45d6c56\" data-element_type=\"widget\" data-e-type=\"widget\" data-widget_type=\"text-editor.default\">\n\t\t\t\t<div class=\"elementor-widget-container\">\n\t\t\t\t\t\t\t\t\t<p>En cumplimiento con el deber de informaci\u00f3n recogido en el art\u00edculo 10 de la Ley 34\/2002, de 11 de julio, de Servicios de la Sociedad de la informaci\u00f3n y del Comercio Electr\u00f3nico, le informamos que el contenido de la p\u00e1gina web\u00a0<a href=\"https:\/\/mateos.legal\/?utm_source=chatgpt.com\">https:\/\/mateos.legal<\/a>\u00a0(en adelante, el \u201csitio web\u201d) pertenece a MATEOS LEGAL S.L.P., sociedad de nacionalidad espa\u00f1ola con NIF B-65016214 y domicilio social en Gran Via de les Corts Catalanes, 645, 1\u00ba\u20132\u00aa, 08010 Barcelona (Espa\u00f1a) e inscrita en el Registro Mercantil de Barcelona,\u00a0Tomo 40970, Folio 150, Hoja Registral B-374368 (en adelante, \u201cMateos Legal\u201d).<\/p>\n<p>Para contactar con Mateos Legal puede dirigirse a la direcci\u00f3n postal mencionada en el encabezado o emplear el correo electr\u00f3nico: info@mateos.legal. El usuario tambi\u00e9n podr\u00e1 rellenar el formulario de contacto espec\u00edfico que figura en el sitio web.<\/p>\n\t\t\t\t\t\t\t\t<\/div>\n\t\t\t\t<\/div>\n\t\t\t\t\t<\/div>\n\t\t\t\t<\/div>\n\t\t\t\t<\/div>\n\t\t","protected":false},"excerpt":{"rendered":"<p>Aviso legal En cumplimiento con el deber de informaci\u00f3n recogido en el art\u00edculo 10 de la Ley 34\/2002, de 11 de julio, de Servicios de la Sociedad de la informaci\u00f3n y del Comercio Electr\u00f3nico, le informamos que el contenido de la p\u00e1gina web\u00a0https:\/\/mateos.legal\u00a0(en adelante, el \u201csitio web\u201d) pertenece a MATEOS LEGAL S.L.P., sociedad de nacionalidad [&hellip;]<\/p>\n","protected":false},"author":14,"featured_media":0,"parent":0,"menu_order":0,"comment_status":"closed","ping_status":"closed","template":"","meta":{"_jet_sm_ready_style":"","_jet_sm_style":"","_jet_sm_controls_values":"","_jet_sm_fonts_collection":"","_jet_sm_fonts_links":"","footnotes":""},"class_list":["post-11494","page","type-page","status-publish","hentry"],"_links":{"self":[{"href":"https:\/\/mateos.legal\/fr\/wp-json\/wp\/v2\/pages\/11494","targetHints":{"allow":["GET"]}}],"collection":[{"href":"https:\/\/mateos.legal\/fr\/wp-json\/wp\/v2\/pages"}],"about":[{"href":"https:\/\/mateos.legal\/fr\/wp-json\/wp\/v2\/types\/page"}],"author":[{"embeddable":true,"href":"https:\/\/mateos.legal\/fr\/wp-json\/wp\/v2\/users\/14"}],"replies":[{"embeddable":true,"href":"https:\/\/mateos.legal\/fr\/wp-json\/wp\/v2\/comments?post=11494"}],"version-history":[{"count":0,"href":"https:\/\/mateos.legal\/fr\/wp-json\/wp\/v2\/pages\/11494\/revisions"}],"wp:attachment":[{"href":"https:\/\/mateos.legal\/fr\/wp-json\/wp\/v2\/media?parent=11494"}],"curies":[{"name":"wp","href":"https:\/\/api.w.org\/{rel}","templated":true}]}}