{"id":11481,"date":"2023-09-04T14:51:45","date_gmt":"2023-09-04T14:51:45","guid":{"rendered":"http:\/\/mateos.legal\/proteccion-de-datos\/"},"modified":"2024-02-26T10:04:32","modified_gmt":"2024-02-26T10:04:32","slug":"protection-des-donnees","status":"publish","type":"page","link":"https:\/\/mateos.legal\/fr\/protection-des-donnees\/","title":{"rendered":"PROTECTION DES DONN\u00c9ES"},"content":{"rendered":"\t\t<div data-elementor-type=\"wp-page\" data-elementor-id=\"11481\" class=\"elementor elementor-11481 elementor-9675\" data-elementor-post-type=\"page\">\n\t\t\t\t<div class=\"elementor-element elementor-element-3cf2354 e-flex e-con-boxed e-con e-parent\" data-id=\"3cf2354\" data-element_type=\"container\" data-e-type=\"container\" data-settings=\"{&quot;jet_parallax_layout_list&quot;:[]}\">\n\t\t\t\t\t<div class=\"e-con-inner\">\n\t\t\t\t<div class=\"elementor-element elementor-element-8fe43fd elementor-widget elementor-widget-heading\" data-id=\"8fe43fd\" data-element_type=\"widget\" data-e-type=\"widget\" data-widget_type=\"heading.default\">\n\t\t\t\t<div class=\"elementor-widget-container\">\n\t\t\t\t\t<h2 class=\"elementor-heading-title elementor-size-default\">PROTECTION DES DONN\u00c9ES<\/h2>\t\t\t\t<\/div>\n\t\t\t\t<\/div>\n\t\t\t\t\t<\/div>\n\t\t\t\t<\/div>\n\t\t<div class=\"elementor-element elementor-element-797215c e-flex e-con-boxed e-con e-parent\" data-id=\"797215c\" data-element_type=\"container\" data-e-type=\"container\" data-settings=\"{&quot;jet_parallax_layout_list&quot;:[]}\">\n\t\t\t\t\t<div class=\"e-con-inner\">\n\t\t<div class=\"elementor-element elementor-element-ff683a4 e-con-full e-flex e-con e-child\" data-id=\"ff683a4\" data-element_type=\"container\" data-e-type=\"container\" data-settings=\"{&quot;jet_parallax_layout_list&quot;:[]}\">\n\t\t\t\t<div class=\"elementor-element elementor-element-e2ecf6c elementor-widget elementor-widget-heading\" data-id=\"e2ecf6c\" data-element_type=\"widget\" data-e-type=\"widget\" data-widget_type=\"heading.default\">\n\t\t\t\t<div class=\"elementor-widget-container\">\n\t\t\t\t\t<h2 class=\"elementor-heading-title elementor-size-default\">Titulaire du domaine Internet<\/h2>\t\t\t\t<\/div>\n\t\t\t\t<\/div>\n\t\t\t\t<\/div>\n\t\t<div class=\"elementor-element elementor-element-1bb4320 e-con-full e-flex e-con e-child\" data-id=\"1bb4320\" data-element_type=\"container\" data-e-type=\"container\" data-settings=\"{&quot;jet_parallax_layout_list&quot;:[]}\">\n\t\t\t\t<div class=\"elementor-element elementor-element-0fc08fe elementor-widget elementor-widget-text-editor\" data-id=\"0fc08fe\" data-element_type=\"widget\" data-e-type=\"widget\" data-widget_type=\"text-editor.default\">\n\t\t\t\t<div class=\"elementor-widget-container\">\n\t\t\t\t\t\t\t\t\t<p><strong>MATEOS LEGAL S.L.P.,\u00a0<\/strong>domicili\u00e9e \u00e0 08010 &#8211; Barcelone, Avenida Gran Via de les Corts Catalanes, 645, 1\u00ba 2\u00aa, et titulaire du code d\u2019identification fiscale (CIF) n\u00ba B-65016214. Les coordonn\u00e9es du responsable du traitement des donn\u00e9es sont les suivantes\u00a0: t\u00e9l\u00e9phone\u00a0: (+34) 934760050, adresse \u00e9lectronique\u00a0: info@mateos.legal, site Internet\u00a0: https:\/\/mateos.legal.<\/p>\t\t\t\t\t\t\t\t<\/div>\n\t\t\t\t<\/div>\n\t\t\t\t<\/div>\n\t\t\t\t\t<\/div>\n\t\t\t\t<\/div>\n\t\t<div class=\"elementor-element elementor-element-f86308b e-flex e-con-boxed e-con e-parent\" data-id=\"f86308b\" data-element_type=\"container\" data-e-type=\"container\" data-settings=\"{&quot;jet_parallax_layout_list&quot;:[]}\">\n\t\t\t\t\t<div class=\"e-con-inner\">\n\t\t<div class=\"elementor-element elementor-element-c3e3e9b e-con-full e-flex e-con e-child\" data-id=\"c3e3e9b\" data-element_type=\"container\" data-e-type=\"container\" data-settings=\"{&quot;jet_parallax_layout_list&quot;:[]}\">\n\t\t\t\t<div class=\"elementor-element elementor-element-76c29e9 elementor-widget elementor-widget-heading\" data-id=\"76c29e9\" data-element_type=\"widget\" data-e-type=\"widget\" data-widget_type=\"heading.default\">\n\t\t\t\t<div class=\"elementor-widget-container\">\n\t\t\t\t\t<h2 class=\"elementor-heading-title elementor-size-default\">Finalit\u00e9 du traitement<\/h2>\t\t\t\t<\/div>\n\t\t\t\t<\/div>\n\t\t\t\t<\/div>\n\t\t<div class=\"elementor-element elementor-element-34962b0 e-con-full e-flex e-con e-child\" data-id=\"34962b0\" data-element_type=\"container\" data-e-type=\"container\" data-settings=\"{&quot;jet_parallax_layout_list&quot;:[]}\">\n\t\t\t\t<div class=\"elementor-element elementor-element-1cd4dab elementor-widget elementor-widget-text-editor\" data-id=\"1cd4dab\" data-element_type=\"widget\" data-e-type=\"widget\" data-widget_type=\"text-editor.default\">\n\t\t\t\t<div class=\"elementor-widget-container\">\n\t\t\t\t\t\t\t\t\t<p>Il existe deux finalit\u00e9s possibles, qui peuvent \u00eatre poursuivies s\u00e9par\u00e9ment ou conjointement. Ce sont les suivantes\u00a0: (A) Dans le cas des donn\u00e9es \u00e0 caract\u00e8re personnel des employ\u00e9s, qu\u2019il s\u2019agisse des employ\u00e9s propres \u00e0 l\u2019entreprise ou de ceux de clients, la finalit\u00e9 est la gestion directe ou indirecte et le respect des obligations l\u00e9gales\u00a0; (B) dans le cas des clients et des fournisseurs, la finalit\u00e9 est le d\u00e9veloppement de relations commerciales et de conseil normales avec ces derniers. Les donn\u00e9es seront conserv\u00e9es aussi longtemps que la relation en question sera maintenue et pendant la dur\u00e9e n\u00e9cessaire autoris\u00e9e et\/ou exig\u00e9e par la loi, sans pr\u00e9judice du droit \u00e0 l\u2019effacement et des autres droits, d\u00e9crits ci-dessous, dont disposent les titulaires de ces donn\u00e9es \u00e0 caract\u00e8re personnel. Il ne sera proc\u00e9d\u00e9 \u00e0 aucun profilage des titulaires de donn\u00e9es personnelles.<\/p>\t\t\t\t\t\t\t\t<\/div>\n\t\t\t\t<\/div>\n\t\t\t\t<\/div>\n\t\t\t\t\t<\/div>\n\t\t\t\t<\/div>\n\t\t<div class=\"elementor-element elementor-element-445de48 e-flex e-con-boxed e-con e-parent\" data-id=\"445de48\" data-element_type=\"container\" data-e-type=\"container\" data-settings=\"{&quot;jet_parallax_layout_list&quot;:[]}\">\n\t\t\t\t\t<div class=\"e-con-inner\">\n\t\t<div class=\"elementor-element elementor-element-b6ddf9d e-con-full e-flex e-con e-child\" data-id=\"b6ddf9d\" data-element_type=\"container\" data-e-type=\"container\" data-settings=\"{&quot;jet_parallax_layout_list&quot;:[]}\">\n\t\t\t\t<div class=\"elementor-element elementor-element-dbb55a5 elementor-widget elementor-widget-heading\" data-id=\"dbb55a5\" data-element_type=\"widget\" data-e-type=\"widget\" data-widget_type=\"heading.default\">\n\t\t\t\t<div class=\"elementor-widget-container\">\n\t\t\t\t\t<h2 class=\"elementor-heading-title elementor-size-default\">Fondement juridique<\/h2>\t\t\t\t<\/div>\n\t\t\t\t<\/div>\n\t\t\t\t<\/div>\n\t\t<div class=\"elementor-element elementor-element-435da25 e-con-full e-flex e-con e-child\" data-id=\"435da25\" data-element_type=\"container\" data-e-type=\"container\" data-settings=\"{&quot;jet_parallax_layout_list&quot;:[]}\">\n\t\t\t\t<div class=\"elementor-element elementor-element-476253b elementor-widget elementor-widget-text-editor\" data-id=\"476253b\" data-element_type=\"widget\" data-e-type=\"widget\" data-widget_type=\"text-editor.default\">\n\t\t\t\t<div class=\"elementor-widget-container\">\n\t\t\t\t\t\t\t\t\t<p>Consentement explicite des personnes concern\u00e9es (ou de leurs repr\u00e9sentants l\u00e9gaux) avant toute action\/communication et, dans le cas des candidats, des entreprises de recrutement. \u00a0<\/p>\t\t\t\t\t\t\t\t<\/div>\n\t\t\t\t<\/div>\n\t\t\t\t<\/div>\n\t\t\t\t\t<\/div>\n\t\t\t\t<\/div>\n\t\t<div class=\"elementor-element elementor-element-088608d e-flex e-con-boxed e-con e-parent\" data-id=\"088608d\" data-element_type=\"container\" data-e-type=\"container\" data-settings=\"{&quot;jet_parallax_layout_list&quot;:[]}\">\n\t\t\t\t\t<div class=\"e-con-inner\">\n\t\t<div class=\"elementor-element elementor-element-024dc45 e-con-full e-flex e-con e-child\" data-id=\"024dc45\" data-element_type=\"container\" data-e-type=\"container\" data-settings=\"{&quot;jet_parallax_layout_list&quot;:[]}\">\n\t\t\t\t<div class=\"elementor-element elementor-element-577cbab elementor-widget elementor-widget-heading\" data-id=\"577cbab\" data-element_type=\"widget\" data-e-type=\"widget\" data-widget_type=\"heading.default\">\n\t\t\t\t<div class=\"elementor-widget-container\">\n\t\t\t\t\t<h2 class=\"elementor-heading-title elementor-size-default\">Destinataires<\/h2>\t\t\t\t<\/div>\n\t\t\t\t<\/div>\n\t\t\t\t<\/div>\n\t\t<div class=\"elementor-element elementor-element-556c620 e-con-full e-flex e-con e-child\" data-id=\"556c620\" data-element_type=\"container\" data-e-type=\"container\" data-settings=\"{&quot;jet_parallax_layout_list&quot;:[]}\">\n\t\t\t\t<div class=\"elementor-element elementor-element-b592b96 elementor-widget elementor-widget-text-editor\" data-id=\"b592b96\" data-element_type=\"widget\" data-e-type=\"widget\" data-widget_type=\"text-editor.default\">\n\t\t\t\t<div class=\"elementor-widget-container\">\n\t\t\t\t\t\t\t\t\t<p>Les destinataires qui auront acc\u00e8s aux donn\u00e9es fournies sont tous les membres du personnel de la soci\u00e9t\u00e9 d\u00fbment autoris\u00e9s \u00e0 cet effet (qu\u2019ils soient internes ou externes) et toute soci\u00e9t\u00e9 ou tout organisme public qui, dans le cadre de ses comp\u00e9tences, a l\u00e9gitimement besoin d\u2019acc\u00e9der \u00e0 ces donn\u00e9es.<\/p>\t\t\t\t\t\t\t\t<\/div>\n\t\t\t\t<\/div>\n\t\t\t\t<\/div>\n\t\t\t\t\t<\/div>\n\t\t\t\t<\/div>\n\t\t<div class=\"elementor-element elementor-element-e707dab e-flex e-con-boxed e-con e-parent\" data-id=\"e707dab\" data-element_type=\"container\" data-e-type=\"container\" data-settings=\"{&quot;jet_parallax_layout_list&quot;:[]}\">\n\t\t\t\t\t<div class=\"e-con-inner\">\n\t\t<div class=\"elementor-element elementor-element-4731fd5 e-con-full e-flex e-con e-child\" data-id=\"4731fd5\" data-element_type=\"container\" data-e-type=\"container\" data-settings=\"{&quot;jet_parallax_layout_list&quot;:[]}\">\n\t\t\t\t<div class=\"elementor-element elementor-element-d4be1ee elementor-widget elementor-widget-heading\" data-id=\"d4be1ee\" data-element_type=\"widget\" data-e-type=\"widget\" data-widget_type=\"heading.default\">\n\t\t\t\t<div class=\"elementor-widget-container\">\n\t\t\t\t\t<h2 class=\"elementor-heading-title elementor-size-default\">Droits des personnes concern\u00e9es<\/h2>\t\t\t\t<\/div>\n\t\t\t\t<\/div>\n\t\t\t\t<\/div>\n\t\t<div class=\"elementor-element elementor-element-6c01a7f e-con-full e-flex e-con e-child\" data-id=\"6c01a7f\" data-element_type=\"container\" data-e-type=\"container\" data-settings=\"{&quot;jet_parallax_layout_list&quot;:[]}\">\n\t\t\t\t<div class=\"elementor-element elementor-element-6f97a1a elementor-widget elementor-widget-text-editor\" data-id=\"6f97a1a\" data-element_type=\"widget\" data-e-type=\"widget\" data-widget_type=\"text-editor.default\">\n\t\t\t\t<div class=\"elementor-widget-container\">\n\t\t\t\t\t\t\t\t\t<p>Acc\u00e8s, rectification, effacement, portabilit\u00e9, limitation et opposition au traitement. Toute personne a le droit d\u2019obtenir la confirmation de traitement de la part de MATEOS LEGAL des donn\u00e9es \u00e0 caract\u00e8re personnel la concernant. Les titulaires de donn\u00e9es \u00e0 caract\u00e8re personnel ont le droit d\u2019acc\u00e9der \u00e0 leurs donn\u00e9es, de demander la rectification des donn\u00e9es inexactes ou, le cas \u00e9ch\u00e9ant, l\u2019effacement de leurs donn\u00e9es lorsque, entre autres raisons, les donn\u00e9es ne sont plus n\u00e9cessaires aux fins pour lesquelles elles ont \u00e9t\u00e9 collect\u00e9es. Dans certaines circonstances, les personnes concern\u00e9es peuvent demander la limitation du traitement de leurs donn\u00e9es, auquel cas celles-ci ne seront conserv\u00e9es qu\u2019\u00e0 des fins d\u2019exercice ou de d\u00e9fense de r\u00e9clamations l\u00e9gales. En outre, dans certains cas et pour des raisons li\u00e9es \u00e0 leur situation particuli\u00e8re, les utilisateurs et les personnes concern\u00e9es peuvent s\u2019opposer au traitement de leurs donn\u00e9es. La Soci\u00e9t\u00e9 cessera de traiter les donn\u00e9es, sauf pour des motifs l\u00e9gitimes ou dans le cadre de l\u2019exercice ou de la d\u00e9fense d\u2019\u00e9ventuelles r\u00e9clamations. Tous ces droits peuvent \u00eatre exerc\u00e9s aupr\u00e8s du responsable du traitement \u00e0 travers les diff\u00e9rentes formes de contact par \u00e9crit mentionn\u00e9es ci-dessus. Par ailleurs, les utilisateurs peuvent, dans certaines circonstances, d\u00e9poser une r\u00e9clamation aupr\u00e8s de l\u2019autorit\u00e9 de contr\u00f4le comp\u00e9tente en mati\u00e8re de protection des donn\u00e9es\u00a0; de plus amples informations \u00e0 ce sujet sont disponibles sur le site <a href=\"http:\/\/www.agpd.es\/\" rel=\"nofollow noopener\" target=\"_blank\">www.agpd.es.<\/a><\/p>\t\t\t\t\t\t\t\t<\/div>\n\t\t\t\t<\/div>\n\t\t\t\t<\/div>\n\t\t\t\t\t<\/div>\n\t\t\t\t<\/div>\n\t\t<div class=\"elementor-element elementor-element-3598182 e-flex e-con-boxed e-con e-parent\" data-id=\"3598182\" data-element_type=\"container\" data-e-type=\"container\" data-settings=\"{&quot;jet_parallax_layout_list&quot;:[]}\">\n\t\t\t\t\t<div class=\"e-con-inner\">\n\t\t<div class=\"elementor-element elementor-element-76b43c1 e-con-full e-flex e-con e-child\" data-id=\"76b43c1\" data-element_type=\"container\" data-e-type=\"container\" data-settings=\"{&quot;jet_parallax_layout_list&quot;:[]}\">\n\t\t\t\t<div class=\"elementor-element elementor-element-3468dce elementor-widget elementor-widget-heading\" data-id=\"3468dce\" data-element_type=\"widget\" data-e-type=\"widget\" data-widget_type=\"heading.default\">\n\t\t\t\t<div class=\"elementor-widget-container\">\n\t\t\t\t\t<h2 class=\"elementor-heading-title elementor-size-default\">Provenance<\/h2>\t\t\t\t<\/div>\n\t\t\t\t<\/div>\n\t\t\t\t<\/div>\n\t\t<div class=\"elementor-element elementor-element-ad3125d e-con-full e-flex e-con e-child\" data-id=\"ad3125d\" data-element_type=\"container\" data-e-type=\"container\" data-settings=\"{&quot;jet_parallax_layout_list&quot;:[]}\">\n\t\t\t\t<div class=\"elementor-element elementor-element-494281a elementor-widget elementor-widget-text-editor\" data-id=\"494281a\" data-element_type=\"widget\" data-e-type=\"widget\" data-widget_type=\"text-editor.default\">\n\t\t\t\t<div class=\"elementor-widget-container\">\n\t\t\t\t\t\t\t\t\t<p>L\u2019utilisateur (ou son repr\u00e9sentant l\u00e9gal), avec ses donn\u00e9es et moyennant l\u2019acceptation des cookies lors de sa navigation sur le site Internet susmentionn\u00e9. Les donn\u00e9es peuvent \u00eatre fournies par les utilisateurs sur support papier, par courrier \u00e9lectronique ou par le biais du site Internet de MATEOS LEGAL. Les utilisateurs fournissant les donn\u00e9es sont responsables de l\u2019exactitude de celles-ci. \u00a0<\/p>\t\t\t\t\t\t\t\t<\/div>\n\t\t\t\t<\/div>\n\t\t\t\t<\/div>\n\t\t\t\t\t<\/div>\n\t\t\t\t<\/div>\n\t\t<div class=\"elementor-element elementor-element-f9c3a38 e-flex e-con-boxed e-con e-parent\" data-id=\"f9c3a38\" data-element_type=\"container\" data-e-type=\"container\" data-settings=\"{&quot;jet_parallax_layout_list&quot;:[]}\">\n\t\t\t\t\t<div class=\"e-con-inner\">\n\t\t<div class=\"elementor-element elementor-element-ce14ec8 e-con-full e-flex e-con e-child\" data-id=\"ce14ec8\" data-element_type=\"container\" data-e-type=\"container\" data-settings=\"{&quot;jet_parallax_layout_list&quot;:[]}\">\n\t\t\t\t<div class=\"elementor-element elementor-element-e2ef49a elementor-widget elementor-widget-heading\" data-id=\"e2ef49a\" data-element_type=\"widget\" data-e-type=\"widget\" data-widget_type=\"heading.default\">\n\t\t\t\t<div class=\"elementor-widget-container\">\n\t\t\t\t\t<h2 class=\"elementor-heading-title elementor-size-default\">L\u00e9gislation applicable<\/h2>\t\t\t\t<\/div>\n\t\t\t\t<\/div>\n\t\t\t\t<\/div>\n\t\t<div class=\"elementor-element elementor-element-d31697f e-con-full e-flex e-con e-child\" data-id=\"d31697f\" data-element_type=\"container\" data-e-type=\"container\" data-settings=\"{&quot;jet_parallax_layout_list&quot;:[]}\">\n\t\t\t\t<div class=\"elementor-element elementor-element-40d54ae elementor-widget elementor-widget-text-editor\" data-id=\"40d54ae\" data-element_type=\"widget\" data-e-type=\"widget\" data-widget_type=\"text-editor.default\">\n\t\t\t\t<div class=\"elementor-widget-container\">\n\t\t\t\t\t\t\t\t\t<p>Tout ce qui pr\u00e9c\u00e8de est expos\u00e9 conform\u00e9ment \u00e0 la \u00ab\u00a0l\u00e9gislation en vigueur\u00a0\u00bb, qui comprend essentiellement le r\u00e8glement UE-679\/2016 et la loi organique espagnole 3\/2018, du 5 d\u00e9cembre 2018.<\/p>\t\t\t\t\t\t\t\t<\/div>\n\t\t\t\t<\/div>\n\t\t\t\t<\/div>\n\t\t\t\t\t<\/div>\n\t\t\t\t<\/div>\n\t\t\t\t<\/div>\n\t\t","protected":false},"excerpt":{"rendered":"<p>PROTECTION DES DONN\u00c9ES Titulaire du domaine Internet MATEOS LEGAL S.L.P.,\u00a0domicili\u00e9e \u00e0 08010 &#8211; Barcelone, Avenida Gran Via de les Corts Catalanes, 645, 1\u00ba 2\u00aa, et titulaire du code d\u2019identification fiscale (CIF) n\u00ba B-65016214. Les coordonn\u00e9es du responsable du traitement des donn\u00e9es sont les suivantes\u00a0: t\u00e9l\u00e9phone\u00a0: (+34) 934760050, adresse \u00e9lectronique\u00a0: info@mateos.legal, site Internet\u00a0: http:\/\/mateos.legal. Finalit\u00e9 du [&hellip;]<\/p>\n","protected":false},"author":14,"featured_media":0,"parent":0,"menu_order":0,"comment_status":"closed","ping_status":"closed","template":"","meta":{"_jet_sm_ready_style":"","_jet_sm_style":"","_jet_sm_controls_values":"","_jet_sm_fonts_collection":"","_jet_sm_fonts_links":"","footnotes":""},"class_list":["post-11481","page","type-page","status-publish","hentry"],"_links":{"self":[{"href":"https:\/\/mateos.legal\/fr\/wp-json\/wp\/v2\/pages\/11481","targetHints":{"allow":["GET"]}}],"collection":[{"href":"https:\/\/mateos.legal\/fr\/wp-json\/wp\/v2\/pages"}],"about":[{"href":"https:\/\/mateos.legal\/fr\/wp-json\/wp\/v2\/types\/page"}],"author":[{"embeddable":true,"href":"https:\/\/mateos.legal\/fr\/wp-json\/wp\/v2\/users\/14"}],"replies":[{"embeddable":true,"href":"https:\/\/mateos.legal\/fr\/wp-json\/wp\/v2\/comments?post=11481"}],"version-history":[{"count":0,"href":"https:\/\/mateos.legal\/fr\/wp-json\/wp\/v2\/pages\/11481\/revisions"}],"wp:attachment":[{"href":"https:\/\/mateos.legal\/fr\/wp-json\/wp\/v2\/media?parent=11481"}],"curies":[{"name":"wp","href":"https:\/\/api.w.org\/{rel}","templated":true}]}}