{"id":10269,"date":"2023-09-04T14:51:45","date_gmt":"2023-09-04T14:51:45","guid":{"rendered":"http:\/\/mateos.legal\/proteccion-de-datos\/"},"modified":"2023-10-16T18:40:34","modified_gmt":"2023-10-16T18:40:34","slug":"proteccio-de-dades","status":"publish","type":"page","link":"https:\/\/mateos.legal\/ca\/proteccio-de-dades\/","title":{"rendered":"PROTECCI\u00d3 DE DADES"},"content":{"rendered":"\t\t<div data-elementor-type=\"wp-page\" data-elementor-id=\"10269\" class=\"elementor elementor-10269 elementor-9675\" data-elementor-post-type=\"page\">\n\t\t\t\t<div class=\"elementor-element elementor-element-3cf2354 e-flex e-con-boxed e-con e-parent\" data-id=\"3cf2354\" data-element_type=\"container\" data-e-type=\"container\" data-settings=\"{&quot;jet_parallax_layout_list&quot;:[]}\">\n\t\t\t\t\t<div class=\"e-con-inner\">\n\t\t\t\t<div class=\"elementor-element elementor-element-8fe43fd elementor-widget elementor-widget-heading\" data-id=\"8fe43fd\" data-element_type=\"widget\" data-e-type=\"widget\" data-widget_type=\"heading.default\">\n\t\t\t\t<div class=\"elementor-widget-container\">\n\t\t\t\t\t<h2 class=\"elementor-heading-title elementor-size-default\">PROTECCI\u00d3 DE DADES<\/h2>\t\t\t\t<\/div>\n\t\t\t\t<\/div>\n\t\t\t\t\t<\/div>\n\t\t\t\t<\/div>\n\t\t<div class=\"elementor-element elementor-element-797215c e-flex e-con-boxed e-con e-parent\" data-id=\"797215c\" data-element_type=\"container\" data-e-type=\"container\" data-settings=\"{&quot;jet_parallax_layout_list&quot;:[]}\">\n\t\t\t\t\t<div class=\"e-con-inner\">\n\t\t<div class=\"elementor-element elementor-element-ff683a4 e-con-full e-flex e-con e-child\" data-id=\"ff683a4\" data-element_type=\"container\" data-e-type=\"container\" data-settings=\"{&quot;jet_parallax_layout_list&quot;:[]}\">\n\t\t\t\t<div class=\"elementor-element elementor-element-e2ecf6c elementor-widget elementor-widget-heading\" data-id=\"e2ecf6c\" data-element_type=\"widget\" data-e-type=\"widget\" data-widget_type=\"heading.default\">\n\t\t\t\t<div class=\"elementor-widget-container\">\n\t\t\t\t\t<h2 class=\"elementor-heading-title elementor-size-default\">Titular del Domini Web<\/h2>\t\t\t\t<\/div>\n\t\t\t\t<\/div>\n\t\t\t\t<\/div>\n\t\t<div class=\"elementor-element elementor-element-1bb4320 e-con-full e-flex e-con e-child\" data-id=\"1bb4320\" data-element_type=\"container\" data-e-type=\"container\" data-settings=\"{&quot;jet_parallax_layout_list&quot;:[]}\">\n\t\t\t\t<div class=\"elementor-element elementor-element-0fc08fe elementor-widget elementor-widget-text-editor\" data-id=\"0fc08fe\" data-element_type=\"widget\" data-e-type=\"widget\" data-widget_type=\"text-editor.default\">\n\t\t\t\t<div class=\"elementor-widget-container\">\n\t\t\t\t\t\t\t\t\t<p><strong>MATEOS LEGAL S.L.P., <\/strong>domiciliada en 08010- Barcelona, Avinguda Gran Via de les Corts Catalans, 645, 1r 2a, i prove\u00efda de CIF n\u00fam. B-65016214. Les dades de contacte del Responsable de Tractament s\u00f3n els seg\u00fcents: Tel. 934760050, e-mail: info@mateos.legal, web: <a href=\"about:blank\">https:\/\/mateos.legal<\/a>).<\/p>\t\t\t\t\t\t\t\t<\/div>\n\t\t\t\t<\/div>\n\t\t\t\t<\/div>\n\t\t\t\t\t<\/div>\n\t\t\t\t<\/div>\n\t\t<div class=\"elementor-element elementor-element-f86308b e-flex e-con-boxed e-con e-parent\" data-id=\"f86308b\" data-element_type=\"container\" data-e-type=\"container\" data-settings=\"{&quot;jet_parallax_layout_list&quot;:[]}\">\n\t\t\t\t\t<div class=\"e-con-inner\">\n\t\t<div class=\"elementor-element elementor-element-c3e3e9b e-con-full e-flex e-con e-child\" data-id=\"c3e3e9b\" data-element_type=\"container\" data-e-type=\"container\" data-settings=\"{&quot;jet_parallax_layout_list&quot;:[]}\">\n\t\t\t\t<div class=\"elementor-element elementor-element-76c29e9 elementor-widget elementor-widget-heading\" data-id=\"76c29e9\" data-element_type=\"widget\" data-e-type=\"widget\" data-widget_type=\"heading.default\">\n\t\t\t\t<div class=\"elementor-widget-container\">\n\t\t\t\t\t<h2 class=\"elementor-heading-title elementor-size-default\">Finalitat del Tractament<\/h2>\t\t\t\t<\/div>\n\t\t\t\t<\/div>\n\t\t\t\t<\/div>\n\t\t<div class=\"elementor-element elementor-element-34962b0 e-con-full e-flex e-con e-child\" data-id=\"34962b0\" data-element_type=\"container\" data-e-type=\"container\" data-settings=\"{&quot;jet_parallax_layout_list&quot;:[]}\">\n\t\t\t\t<div class=\"elementor-element elementor-element-1cd4dab elementor-widget elementor-widget-text-editor\" data-id=\"1cd4dab\" data-element_type=\"widget\" data-e-type=\"widget\" data-widget_type=\"text-editor.default\">\n\t\t\t\t<div class=\"elementor-widget-container\">\n\t\t\t\t\t\t\t\t\t<p>Hi ha dues possibles finalitats que poden donar-se individual o conjuntament. S\u00f3n les seg\u00fcents: (A) En el sup\u00f2sit de les dades personals dels treballadors -propis o de clients-, gestionar de manera directa o indirecta i el compliment de les obligacions legals; (B) En el sup\u00f2sit de clients i prove\u00efdors, desenvolupar la normal relaci\u00f3 comercial i d&#8217;assessorament amb aquests. Les dades es conservaran mentre es mantingui la relaci\u00f3 de qu\u00e8 es tracti i durant el temps necessari que permeti i\/o obligui la Llei, sense perjudici del dret de supressi\u00f3 i altres, tractats m\u00e9s endavant, que tenen els titulars d&#8217;aquestes dades personals. No es realitzaran perfils dels titulars de dades.<\/p>\t\t\t\t\t\t\t\t<\/div>\n\t\t\t\t<\/div>\n\t\t\t\t<\/div>\n\t\t\t\t\t<\/div>\n\t\t\t\t<\/div>\n\t\t<div class=\"elementor-element elementor-element-445de48 e-flex e-con-boxed e-con e-parent\" data-id=\"445de48\" data-element_type=\"container\" data-e-type=\"container\" data-settings=\"{&quot;jet_parallax_layout_list&quot;:[]}\">\n\t\t\t\t\t<div class=\"e-con-inner\">\n\t\t<div class=\"elementor-element elementor-element-b6ddf9d e-con-full e-flex e-con e-child\" data-id=\"b6ddf9d\" data-element_type=\"container\" data-e-type=\"container\" data-settings=\"{&quot;jet_parallax_layout_list&quot;:[]}\">\n\t\t\t\t<div class=\"elementor-element elementor-element-dbb55a5 elementor-widget elementor-widget-heading\" data-id=\"dbb55a5\" data-element_type=\"widget\" data-e-type=\"widget\" data-widget_type=\"heading.default\">\n\t\t\t\t<div class=\"elementor-widget-container\">\n\t\t\t\t\t<h2 class=\"elementor-heading-title elementor-size-default\">Legitimaci\u00f3<\/h2>\t\t\t\t<\/div>\n\t\t\t\t<\/div>\n\t\t\t\t<\/div>\n\t\t<div class=\"elementor-element elementor-element-435da25 e-con-full e-flex e-con e-child\" data-id=\"435da25\" data-element_type=\"container\" data-e-type=\"container\" data-settings=\"{&quot;jet_parallax_layout_list&quot;:[]}\">\n\t\t\t\t<div class=\"elementor-element elementor-element-476253b elementor-widget elementor-widget-text-editor\" data-id=\"476253b\" data-element_type=\"widget\" data-e-type=\"widget\" data-widget_type=\"text-editor.default\">\n\t\t\t\t<div class=\"elementor-widget-container\">\n\t\t\t\t\t\t\t\t\t<p>Consentiment expl\u00edcit dels interessats (o els seus legals representants), abans de dur a terme qualsevol acci\u00f3\/comunicaci\u00f3 i en cas de candidats, les empreses de selecci\u00f3 de personal.<\/p>\t\t\t\t\t\t\t\t<\/div>\n\t\t\t\t<\/div>\n\t\t\t\t<\/div>\n\t\t\t\t\t<\/div>\n\t\t\t\t<\/div>\n\t\t<div class=\"elementor-element elementor-element-088608d e-flex e-con-boxed e-con e-parent\" data-id=\"088608d\" data-element_type=\"container\" data-e-type=\"container\" data-settings=\"{&quot;jet_parallax_layout_list&quot;:[]}\">\n\t\t\t\t\t<div class=\"e-con-inner\">\n\t\t<div class=\"elementor-element elementor-element-024dc45 e-con-full e-flex e-con e-child\" data-id=\"024dc45\" data-element_type=\"container\" data-e-type=\"container\" data-settings=\"{&quot;jet_parallax_layout_list&quot;:[]}\">\n\t\t\t\t<div class=\"elementor-element elementor-element-577cbab elementor-widget elementor-widget-heading\" data-id=\"577cbab\" data-element_type=\"widget\" data-e-type=\"widget\" data-widget_type=\"heading.default\">\n\t\t\t\t<div class=\"elementor-widget-container\">\n\t\t\t\t\t<h2 class=\"elementor-heading-title elementor-size-default\">Destinataris<\/h2>\t\t\t\t<\/div>\n\t\t\t\t<\/div>\n\t\t\t\t<\/div>\n\t\t<div class=\"elementor-element elementor-element-556c620 e-con-full e-flex e-con e-child\" data-id=\"556c620\" data-element_type=\"container\" data-e-type=\"container\" data-settings=\"{&quot;jet_parallax_layout_list&quot;:[]}\">\n\t\t\t\t<div class=\"elementor-element elementor-element-b592b96 elementor-widget elementor-widget-text-editor\" data-id=\"b592b96\" data-element_type=\"widget\" data-e-type=\"widget\" data-widget_type=\"text-editor.default\">\n\t\t\t\t<div class=\"elementor-widget-container\">\n\t\t\t\t\t\t\t\t\t<p>Els destinataris que tindran acc\u00e9s a les dades proporcionades ser\u00e0 tot el personal de la societat degudament autoritzat per a tal fi (sigui intern o extern) i tota societat o entitat p\u00fablica que dins de l&#8217;\u00e0mbit de les seves compet\u00e8ncies requereixi leg\u00edtimament l&#8217;acc\u00e9s a les mateixos.<\/p>\t\t\t\t\t\t\t\t<\/div>\n\t\t\t\t<\/div>\n\t\t\t\t<\/div>\n\t\t\t\t\t<\/div>\n\t\t\t\t<\/div>\n\t\t<div class=\"elementor-element elementor-element-e707dab e-flex e-con-boxed e-con e-parent\" data-id=\"e707dab\" data-element_type=\"container\" data-e-type=\"container\" data-settings=\"{&quot;jet_parallax_layout_list&quot;:[]}\">\n\t\t\t\t\t<div class=\"e-con-inner\">\n\t\t<div class=\"elementor-element elementor-element-4731fd5 e-con-full e-flex e-con e-child\" data-id=\"4731fd5\" data-element_type=\"container\" data-e-type=\"container\" data-settings=\"{&quot;jet_parallax_layout_list&quot;:[]}\">\n\t\t\t\t<div class=\"elementor-element elementor-element-d4be1ee elementor-widget elementor-widget-heading\" data-id=\"d4be1ee\" data-element_type=\"widget\" data-e-type=\"widget\" data-widget_type=\"heading.default\">\n\t\t\t\t<div class=\"elementor-widget-container\">\n\t\t\t\t\t<h2 class=\"elementor-heading-title elementor-size-default\">Drets dels Interessats<\/h2>\t\t\t\t<\/div>\n\t\t\t\t<\/div>\n\t\t\t\t<\/div>\n\t\t<div class=\"elementor-element elementor-element-6c01a7f e-con-full e-flex e-con e-child\" data-id=\"6c01a7f\" data-element_type=\"container\" data-e-type=\"container\" data-settings=\"{&quot;jet_parallax_layout_list&quot;:[]}\">\n\t\t\t\t<div class=\"elementor-element elementor-element-6f97a1a elementor-widget elementor-widget-text-editor\" data-id=\"6f97a1a\" data-element_type=\"widget\" data-e-type=\"widget\" data-widget_type=\"text-editor.default\">\n\t\t\t\t<div class=\"elementor-widget-container\">\n\t\t\t\t\t\t\t\t\t<p>Acc\u00e9s, rectificaci\u00f3, supressi\u00f3, portabilitat, limitaci\u00f3 i oposici\u00f3 a tractament. Qualsevol persona t\u00e9 dret a obtenir confirmaci\u00f3 sobre si MATEOS LEGAL est\u00e0 tractant les dades personals que el concerneixen. Els titulars de les dades personals tenen dret a accedir als seus, sol\u00b7licitar la rectificaci\u00f3 de les dades inexactes o, en el seu cas, la seva supressi\u00f3 quan, entre altres motius, les dades ja no siguin necessaris per als fins que van ser recollits. En determinades circumst\u00e0ncies, els interessats podran sol\u00b7licitar la limitaci\u00f3 de tractament de les seves dades, i en aquest cas nom\u00e9s es conservaran per a l&#8217;exercici o la defensa de reclamacions. Tamb\u00e9 en alguns sup\u00f2sits i per motius relacionats amb la seva situaci\u00f3 particular, els usuaris i titulars de les dades podran oposar-se al tractament de les seves dades. La Societat deixar\u00e0 de tractar les dades, excepte per motius leg\u00edtims o en l&#8217;exercici o la defensa de possibles reclamacions. Tots aquests drets es podran exercitar davant el Responsable a trav\u00e9s de les diverses formes de contacte escrit establertes m\u00e9s amunt. Aix\u00ed mateix, els usuaris podran, en determinades circumst\u00e0ncies, plantejar una reclamaci\u00f3 davant l&#8217;Autoritat de Control competent en mat\u00e8ria de Protecci\u00f3 de Dades, podent informar-se en <a href=\"http:\/\/www.agpd.es\" rel=\"nofollow noopener\" target=\"_blank\">www.agpd.es<\/a>.<\/p>\t\t\t\t\t\t\t\t<\/div>\n\t\t\t\t<\/div>\n\t\t\t\t<\/div>\n\t\t\t\t\t<\/div>\n\t\t\t\t<\/div>\n\t\t<div class=\"elementor-element elementor-element-3598182 e-flex e-con-boxed e-con e-parent\" data-id=\"3598182\" data-element_type=\"container\" data-e-type=\"container\" data-settings=\"{&quot;jet_parallax_layout_list&quot;:[]}\">\n\t\t\t\t\t<div class=\"e-con-inner\">\n\t\t<div class=\"elementor-element elementor-element-76b43c1 e-con-full e-flex e-con e-child\" data-id=\"76b43c1\" data-element_type=\"container\" data-e-type=\"container\" data-settings=\"{&quot;jet_parallax_layout_list&quot;:[]}\">\n\t\t\t\t<div class=\"elementor-element elementor-element-3468dce elementor-widget elementor-widget-heading\" data-id=\"3468dce\" data-element_type=\"widget\" data-e-type=\"widget\" data-widget_type=\"heading.default\">\n\t\t\t\t<div class=\"elementor-widget-container\">\n\t\t\t\t\t<h2 class=\"elementor-heading-title elementor-size-default\">Proced\u00e8ncia<\/h2>\t\t\t\t<\/div>\n\t\t\t\t<\/div>\n\t\t\t\t<\/div>\n\t\t<div class=\"elementor-element elementor-element-ad3125d e-con-full e-flex e-con e-child\" data-id=\"ad3125d\" data-element_type=\"container\" data-e-type=\"container\" data-settings=\"{&quot;jet_parallax_layout_list&quot;:[]}\">\n\t\t\t\t<div class=\"elementor-element elementor-element-494281a elementor-widget elementor-widget-text-editor\" data-id=\"494281a\" data-element_type=\"widget\" data-e-type=\"widget\" data-widget_type=\"text-editor.default\">\n\t\t\t\t<div class=\"elementor-widget-container\">\n\t\t\t\t\t\t\t\t\t<p>L&#8217;usuari (o el seu representant legal), amb les seves dades i amb l&#8217;acceptaci\u00f3 de les cookies en navegar pel lloc web abans indicat. Les dades podran ser facilitats pels usuaris en paper material, correu electr\u00f2nic o a trav\u00e9s del lloc web de MATEOS LEGAL. Els usuaris subministradors de les dades s\u00f3n responsables de la veracitat d&#8217;aquests.<\/p>\t\t\t\t\t\t\t\t<\/div>\n\t\t\t\t<\/div>\n\t\t\t\t<\/div>\n\t\t\t\t\t<\/div>\n\t\t\t\t<\/div>\n\t\t<div class=\"elementor-element elementor-element-f9c3a38 e-flex e-con-boxed e-con e-parent\" data-id=\"f9c3a38\" data-element_type=\"container\" data-e-type=\"container\" data-settings=\"{&quot;jet_parallax_layout_list&quot;:[]}\">\n\t\t\t\t\t<div class=\"e-con-inner\">\n\t\t<div class=\"elementor-element elementor-element-ce14ec8 e-con-full e-flex e-con e-child\" data-id=\"ce14ec8\" data-element_type=\"container\" data-e-type=\"container\" data-settings=\"{&quot;jet_parallax_layout_list&quot;:[]}\">\n\t\t\t\t<div class=\"elementor-element elementor-element-e2ef49a elementor-widget elementor-widget-heading\" data-id=\"e2ef49a\" data-element_type=\"widget\" data-e-type=\"widget\" data-widget_type=\"heading.default\">\n\t\t\t\t<div class=\"elementor-widget-container\">\n\t\t\t\t\t<h2 class=\"elementor-heading-title elementor-size-default\">Legislaci\u00f3 Aplicable<\/h2>\t\t\t\t<\/div>\n\t\t\t\t<\/div>\n\t\t\t\t<\/div>\n\t\t<div class=\"elementor-element elementor-element-d31697f e-con-full e-flex e-con e-child\" data-id=\"d31697f\" data-element_type=\"container\" data-e-type=\"container\" data-settings=\"{&quot;jet_parallax_layout_list&quot;:[]}\">\n\t\t\t\t<div class=\"elementor-element elementor-element-40d54ae elementor-widget elementor-widget-text-editor\" data-id=\"40d54ae\" data-element_type=\"widget\" data-e-type=\"widget\" data-widget_type=\"text-editor.default\">\n\t\t\t\t<div class=\"elementor-widget-container\">\n\t\t\t\t\t\t\t\t\t<p>Tot l&#8217;anterior est\u00e0 exposat conforme a la \u201cLegislaci\u00f3 Vigent\u201d que compr\u00e8n de manera principal, el Reglament UE-679\/2016 i la Llei org\u00e0nica espanyola 3\/2018, de 5 de desembre de 2018.<\/p>\t\t\t\t\t\t\t\t<\/div>\n\t\t\t\t<\/div>\n\t\t\t\t<\/div>\n\t\t\t\t\t<\/div>\n\t\t\t\t<\/div>\n\t\t\t\t<\/div>\n\t\t","protected":false},"excerpt":{"rendered":"<p>PROTECCI\u00d3 DE DADES Titular del Domini Web MATEOS LEGAL S.L.P., domiciliada en 08010- Barcelona, Avinguda Gran Via de les Corts Catalans, 645, 1r 2a, i prove\u00efda de CIF n\u00fam. B-65016214. Les dades de contacte del Responsable de Tractament s\u00f3n els seg\u00fcents: Tel. 934760050, e-mail: info@mateos.legal, web: http:\/\/mateos.legal). Finalitat del Tractament Hi ha dues possibles finalitats [&hellip;]<\/p>\n","protected":false},"author":14,"featured_media":0,"parent":0,"menu_order":0,"comment_status":"closed","ping_status":"closed","template":"","meta":{"_jet_sm_ready_style":"","_jet_sm_style":"","_jet_sm_controls_values":"","_jet_sm_fonts_collection":"","_jet_sm_fonts_links":"","footnotes":""},"class_list":["post-10269","page","type-page","status-publish","hentry"],"_links":{"self":[{"href":"https:\/\/mateos.legal\/ca\/wp-json\/wp\/v2\/pages\/10269","targetHints":{"allow":["GET"]}}],"collection":[{"href":"https:\/\/mateos.legal\/ca\/wp-json\/wp\/v2\/pages"}],"about":[{"href":"https:\/\/mateos.legal\/ca\/wp-json\/wp\/v2\/types\/page"}],"author":[{"embeddable":true,"href":"https:\/\/mateos.legal\/ca\/wp-json\/wp\/v2\/users\/14"}],"replies":[{"embeddable":true,"href":"https:\/\/mateos.legal\/ca\/wp-json\/wp\/v2\/comments?post=10269"}],"version-history":[{"count":0,"href":"https:\/\/mateos.legal\/ca\/wp-json\/wp\/v2\/pages\/10269\/revisions"}],"wp:attachment":[{"href":"https:\/\/mateos.legal\/ca\/wp-json\/wp\/v2\/media?parent=10269"}],"curies":[{"name":"wp","href":"https:\/\/api.w.org\/{rel}","templated":true}]}}